{"id":14,"date":"2023-09-22T10:34:10","date_gmt":"2023-09-22T08:34:10","guid":{"rendered":"https:\/\/grandnordfilms.com\/?page_id=14"},"modified":"2023-09-28T14:14:56","modified_gmt":"2023-09-28T12:14:56","slug":"nos-services","status":"publish","type":"page","link":"https:\/\/grandnordfilms.com\/index.php\/nos-services\/","title":{"rendered":"R\u00e9alisation"},"content":{"rendered":"<style>.kb-row-layout-id14_6898c9-c7 > .kt-row-column-wrap{align-content:start;}:where(.kb-row-layout-id14_6898c9-c7 > .kt-row-column-wrap) > .wp-block-kadence-column{justify-content:start;}.kb-row-layout-id14_6898c9-c7 > .kt-row-column-wrap{column-gap:var(--global-kb-gap-md, 2rem);row-gap:var(--global-kb-gap-md, 2rem);padding-top:var(--global-kb-spacing-sm, 1.5rem);grid-template-columns:minmax(0, 1fr) minmax(0, 2fr);}.kb-row-layout-id14_6898c9-c7 > .kt-row-layout-overlay{opacity:0.30;}@media all and (max-width: 1024px){.kb-row-layout-id14_6898c9-c7 > .kt-row-column-wrap{grid-template-columns:repeat(2, minmax(0, 1fr));}}@media all and (max-width: 767px){.kb-row-layout-id14_6898c9-c7 > .kt-row-column-wrap{grid-template-columns:minmax(0, 1fr);}}<\/style><div class=\"kb-row-layout-wrap kb-row-layout-id14_6898c9-c7 alignnone wp-block-kadence-rowlayout\"><div class=\"kt-row-column-wrap kt-has-2-columns kt-row-layout-right-golden kt-tab-layout-inherit kt-mobile-layout-row kt-row-valign-top\">\n<style>.kadence-column14_d1a0e2-9e > .kt-inside-inner-col,.kadence-column14_d1a0e2-9e > .kt-inside-inner-col:before{border-top-left-radius:0px;border-top-right-radius:0px;border-bottom-right-radius:0px;border-bottom-left-radius:0px;}.kadence-column14_d1a0e2-9e > .kt-inside-inner-col:before{opacity:0.3;}.kadence-column14_d1a0e2-9e{text-align:left;}.kadence-column14_d1a0e2-9e{position:relative;}<\/style>\n<div class=\"wp-block-kadence-column kadence-column14_d1a0e2-9e\"><div class=\"kt-inside-inner-col\"><style>.wp-block-kadence-advancedheading.kt-adv-heading14_c6fbc7-ef, .wp-block-kadence-advancedheading.kt-adv-heading14_c6fbc7-ef[data-kb-block=\"kb-adv-heading14_c6fbc7-ef\"]{font-weight:400;font-style:normal;font-family:Damion;}.wp-block-kadence-advancedheading.kt-adv-heading14_c6fbc7-ef mark, .wp-block-kadence-advancedheading.kt-adv-heading14_c6fbc7-ef[data-kb-block=\"kb-adv-heading14_c6fbc7-ef\"] mark{font-style:normal;color:#f76a0c;padding-top:0px;padding-right:0px;padding-bottom:0px;padding-left:0px;}<\/style>\n<h2 class=\"kt-adv-heading14_c6fbc7-ef wp-block-kadence-advancedheading\" data-kb-block=\"kb-adv-heading14_c6fbc7-ef\">R\u00e9alisation<\/h2>\n\n\n<style>.wp-block-kadence-advancedheading.kt-adv-heading14_1f0995-a6, .wp-block-kadence-advancedheading.kt-adv-heading14_1f0995-a6[data-kb-block=\"kb-adv-heading14_1f0995-a6\"]{font-size:var(--global-kb-font-size-sm, 0.9rem);font-weight:400;font-style:normal;font-family:'Fira Sans Extra Condensed';}.wp-block-kadence-advancedheading.kt-adv-heading14_1f0995-a6 mark, .wp-block-kadence-advancedheading.kt-adv-heading14_1f0995-a6[data-kb-block=\"kb-adv-heading14_1f0995-a6\"] mark{font-style:normal;color:#f76a0c;padding-top:0px;padding-right:0px;padding-bottom:0px;padding-left:0px;}<\/style>\n<p class=\"kt-adv-heading14_1f0995-a6 wp-block-kadence-advancedheading\" data-kb-block=\"kb-adv-heading14_1f0995-a6\">Depuis 2004, nous accompagnons les entreprises et les collectivit\u00e9s publiques dans leur communication audiovisuelle.<br><br>Experts en narration, nous d\u00e9veloppons pour vous des r\u00e9cits sur mesure, quel que soit votre projet, son ampleur, son public et son canal de diffusion.<br><br>Laissez-nous raconter votre histoire, vous verrez comme elle est belle.<\/p>\n\n\n<style>.wp-block-kadence-advancedbtn.kb-btns14_00540c-28{gap:var(--global-kb-gap-xs, 0.5rem );justify-content:flex-start;align-items:center;}.kt-btns14_00540c-28 .kt-button{font-weight:normal;font-style:normal;}.kt-btns14_00540c-28 .kt-btn-wrap-0{margin-right:5px;}.wp-block-kadence-advancedbtn.kt-btns14_00540c-28 .kt-btn-wrap-0 .kt-button{color:#555555;border-color:#555555;}.wp-block-kadence-advancedbtn.kt-btns14_00540c-28 .kt-btn-wrap-0 .kt-button:hover, .wp-block-kadence-advancedbtn.kt-btns14_00540c-28 .kt-btn-wrap-0 .kt-button:focus{color:#ffffff;border-color:#444444;}.wp-block-kadence-advancedbtn.kt-btns14_00540c-28 .kt-btn-wrap-0 .kt-button::before{display:none;}.wp-block-kadence-advancedbtn.kt-btns14_00540c-28 .kt-btn-wrap-0 .kt-button:hover, .wp-block-kadence-advancedbtn.kt-btns14_00540c-28 .kt-btn-wrap-0 .kt-button:focus{background:#444444;}<\/style>\n<div class=\"wp-block-kadence-advancedbtn kb-buttons-wrap kb-btns14_00540c-28\"><style>ul.menu .wp-block-kadence-advancedbtn .kb-btn14_20fba9-45.kb-button{width:initial;}.wp-block-kadence-advancedbtn .kb-btn14_20fba9-45.kb-button{font-style:normal;font-weight:400;font-size:var(--global-kb-font-size-sm, 0.9rem);font-family:'Fira Sans Extra Condensed';}<\/style><span class=\"kb-button kt-button button kb-btn14_20fba9-45 kt-btn-size-standard kt-btn-width-type-auto kb-btn-global-fill kt-btn-has-text-true kt-btn-has-svg-false wp-block-kadence-singlebtn\"><span class=\"kt-btn-inner-text\">Contactez-nous !<\/span><\/span><\/div>\n\n\n\n<p><br><\/p>\n<\/div><\/div>\n\n\n<style>.kadence-column14_4f56f3-9e > .kt-inside-inner-col,.kadence-column14_4f56f3-9e > .kt-inside-inner-col:before{border-top-left-radius:0px;border-top-right-radius:0px;border-bottom-right-radius:0px;border-bottom-left-radius:0px;}.kadence-column14_4f56f3-9e > .kt-inside-inner-col:before{opacity:0.3;}.kadence-column14_4f56f3-9e{position:relative;}<\/style>\n<div class=\"wp-block-kadence-column kadence-column14_4f56f3-9e\"><div class=\"kt-inside-inner-col\"><style>.wp-block-kadence-advancedheading.kt-adv-heading14_95f27a-58, .wp-block-kadence-advancedheading.kt-adv-heading14_95f27a-58[data-kb-block=\"kb-adv-heading14_95f27a-58\"]{text-align:center;font-size:var(--global-kb-font-size-sm, 0.9rem);font-weight:400;font-style:normal;font-family:'Fira Sans Extra Condensed';}.wp-block-kadence-advancedheading.kt-adv-heading14_95f27a-58 mark, .wp-block-kadence-advancedheading.kt-adv-heading14_95f27a-58[data-kb-block=\"kb-adv-heading14_95f27a-58\"] mark{font-style:normal;color:#f76a0c;padding-top:0px;padding-right:0px;padding-bottom:0px;padding-left:0px;}<\/style>\n<h2 class=\"kt-adv-heading14_95f27a-58 wp-block-kadence-advancedheading\" data-kb-block=\"kb-adv-heading14_95f27a-58\">Spirit of Bewe Sleds<\/h2>\n\n\n\n<figure class=\"wp-block-video aligncenter\"><video height=\"1080\" style=\"aspect-ratio: 1920 \/ 1080;\" width=\"1920\" autoplay controls loop poster=\"http:\/\/grandnordfilms.com\/wp-content\/uploads\/2023\/09\/vlcsnap-2023-09-25-12h00m50s168.png\" preload=\"auto\" src=\"http:\/\/grandnordfilms.com\/wp-content\/uploads\/2023\/09\/Spirit-of-BEWE-sleds-FINAL.mov\"><\/video><\/figure>\n<\/div><\/div>\n\n<\/div><\/div>\n\n<style>.wp-block-kadence-advancedheading.kt-adv-heading14_57eff0-d2, .wp-block-kadence-advancedheading.kt-adv-heading14_57eff0-d2[data-kb-block=\"kb-adv-heading14_57eff0-d2\"]{font-weight:400;font-style:normal;font-family:Damion;}.wp-block-kadence-advancedheading.kt-adv-heading14_57eff0-d2 mark, .wp-block-kadence-advancedheading.kt-adv-heading14_57eff0-d2[data-kb-block=\"kb-adv-heading14_57eff0-d2\"] mark{font-style:normal;color:#f76a0c;padding-top:0px;padding-right:0px;padding-bottom:0px;padding-left:0px;}<\/style>\n<h2 class=\"kt-adv-heading14_57eff0-d2 wp-block-kadence-advancedheading\" data-kb-block=\"kb-adv-heading14_57eff0-d2\">Ils nous font confiance<\/h2>\n\n\n<style>.kb-row-layout-id14_291298-ee > .kt-row-column-wrap{align-content:start;}:where(.kb-row-layout-id14_291298-ee > .kt-row-column-wrap) > .wp-block-kadence-column{justify-content:start;}.kb-row-layout-id14_291298-ee > .kt-row-column-wrap{column-gap:var(--global-kb-gap-md, 2rem);row-gap:var(--global-kb-gap-md, 2rem);padding-top:var(--global-kb-spacing-sm, 1.5rem);padding-bottom:var(--global-kb-spacing-sm, 1.5rem);grid-template-columns:repeat(3, minmax(0, 1fr));}.kb-row-layout-id14_291298-ee > .kt-row-layout-overlay{opacity:0.27;background-image:url('http:\/\/grandnordfilms.com\/wp-content\/uploads\/2023\/09\/vlcsnap-2023-09-25-11h57m36s082.png');background-size:cover;background-position:48% 41%;background-attachment:fixed;background-repeat:no-repeat;mix-blend-mode:normal;}.kb-row-layout-id14_291298-ee .kt-row-layout-top-sep{height:100px;}.kb-row-layout-id14_291298-ee .kt-row-layout-top-sep svg{fill:#ffffff!important;}@media all and (max-width: 1024px){.kb-row-layout-id14_291298-ee > .kt-row-column-wrap{grid-template-columns:repeat(3, minmax(0, 1fr));}}@media all and (max-width: 767px){.kb-row-layout-id14_291298-ee > .kt-row-column-wrap{grid-template-columns:minmax(0, 1fr);}}<\/style><div class=\"kb-row-layout-wrap kb-row-layout-id14_291298-ee alignnone kt-row-has-bg wp-block-kadence-rowlayout\"><div class=\"kt-row-layout-overlay kt-row-overlay-normal kt-jarallax\"><\/div><div class=\"kt-row-column-wrap kt-has-3-columns kt-row-layout-equal kt-tab-layout-inherit kt-mobile-layout-row kt-row-valign-top\">\n<style>.kadence-column14_be36bb-b1 > .kt-inside-inner-col,.kadence-column14_be36bb-b1 > .kt-inside-inner-col:before{border-top-left-radius:0px;border-top-right-radius:0px;border-bottom-right-radius:0px;border-bottom-left-radius:0px;}.kadence-column14_be36bb-b1 > .kt-inside-inner-col:before{opacity:0.3;}.kadence-column14_be36bb-b1{position:relative;}<\/style>\n<div class=\"wp-block-kadence-column kadence-column14_be36bb-b1 kb-section-has-overlay\"><div class=\"kt-inside-inner-col\"><style>.wp-block-kadence-advancedheading.kt-adv-heading14_8e133a-e7, .wp-block-kadence-advancedheading.kt-adv-heading14_8e133a-e7[data-kb-block=\"kb-adv-heading14_8e133a-e7\"]{text-align:center;font-size:var(--global-kb-font-size-sm, 0.9rem);font-weight:400;font-style:normal;font-family:'Fira Sans Extra Condensed';}.wp-block-kadence-advancedheading.kt-adv-heading14_8e133a-e7 mark, .wp-block-kadence-advancedheading.kt-adv-heading14_8e133a-e7[data-kb-block=\"kb-adv-heading14_8e133a-e7\"] mark{font-style:normal;color:#f76a0c;padding-top:0px;padding-right:0px;padding-bottom:0px;padding-left:0px;}<\/style>\n<p class=\"kt-adv-heading14_8e133a-e7 wp-block-kadence-advancedheading\" data-kb-block=\"kb-adv-heading14_8e133a-e7\">Fondation MAVA<br>Fondation NORAUTO<br>Common Purpose<br>La Grande Odyss\u00e9e VVF<\/p>\n<\/div><\/div>\n\n\n<style>.kadence-column14_ff95ef-3d > .kt-inside-inner-col,.kadence-column14_ff95ef-3d > .kt-inside-inner-col:before{border-top-left-radius:0px;border-top-right-radius:0px;border-bottom-right-radius:0px;border-bottom-left-radius:0px;}.kadence-column14_ff95ef-3d > .kt-inside-inner-col:before{opacity:0.3;}.kadence-column14_ff95ef-3d{position:relative;}<\/style>\n<div class=\"wp-block-kadence-column kadence-column14_ff95ef-3d kb-section-has-overlay\"><div class=\"kt-inside-inner-col\"><style>.wp-block-kadence-advancedheading.kt-adv-heading14_b1ceb7-cf, .wp-block-kadence-advancedheading.kt-adv-heading14_b1ceb7-cf[data-kb-block=\"kb-adv-heading14_b1ceb7-cf\"]{text-align:center;font-size:var(--global-kb-font-size-sm, 0.9rem);font-weight:400;font-style:normal;font-family:'Fira Sans Extra Condensed';}.wp-block-kadence-advancedheading.kt-adv-heading14_b1ceb7-cf mark, .wp-block-kadence-advancedheading.kt-adv-heading14_b1ceb7-cf[data-kb-block=\"kb-adv-heading14_b1ceb7-cf\"] mark{font-style:normal;color:#f76a0c;padding-top:0px;padding-right:0px;padding-bottom:0px;padding-left:0px;}<\/style>\n<p class=\"kt-adv-heading14_b1ceb7-cf wp-block-kadence-advancedheading\" data-kb-block=\"kb-adv-heading14_b1ceb7-cf\">F\u00e9d\u00e9ration D\u00e9partementale de l&#8217;Energie62<br>Universit\u00e9 Catholique de Lille<br>Veolia Eau<br>La vie devant soi<\/p>\n<\/div><\/div>\n\n\n<style>.kadence-column14_bd3949-02 > .kt-inside-inner-col,.kadence-column14_bd3949-02 > .kt-inside-inner-col:before{border-top-left-radius:0px;border-top-right-radius:0px;border-bottom-right-radius:0px;border-bottom-left-radius:0px;}.kadence-column14_bd3949-02 > .kt-inside-inner-col:before{opacity:0.3;}.kadence-column14_bd3949-02{text-align:center;}.kadence-column14_bd3949-02{position:relative;}<\/style>\n<div class=\"wp-block-kadence-column kadence-column14_bd3949-02 kb-section-has-overlay\"><div class=\"kt-inside-inner-col\"><style>.wp-block-kadence-advancedheading.kt-adv-heading14_144fe9-77, .wp-block-kadence-advancedheading.kt-adv-heading14_144fe9-77[data-kb-block=\"kb-adv-heading14_144fe9-77\"]{font-size:var(--global-kb-font-size-sm, 0.9rem);font-weight:400;font-style:normal;font-family:'Fira Sans Extra Condensed';}.wp-block-kadence-advancedheading.kt-adv-heading14_144fe9-77 mark, .wp-block-kadence-advancedheading.kt-adv-heading14_144fe9-77[data-kb-block=\"kb-adv-heading14_144fe9-77\"] mark{font-style:normal;color:#f76a0c;padding-top:0px;padding-right:0px;padding-bottom:0px;padding-left:0px;}<\/style>\n<p class=\"kt-adv-heading14_144fe9-77 wp-block-kadence-advancedheading\" data-kb-block=\"kb-adv-heading14_144fe9-77\">Midas<br>Leroy Merlin<br>Bewe<br>Inlandsis<\/p>\n<\/div><\/div>\n\n<\/div><\/div>\n\n<style>.kb-row-layout-id14_76bf5e-f5 > .kt-row-column-wrap{align-content:start;}:where(.kb-row-layout-id14_76bf5e-f5 > .kt-row-column-wrap) > .wp-block-kadence-column{justify-content:start;}.kb-row-layout-id14_76bf5e-f5 > .kt-row-column-wrap{column-gap:var(--global-kb-gap-md, 2rem);row-gap:var(--global-kb-gap-md, 2rem);grid-template-columns:repeat(5, minmax(0, 1fr));}.kb-row-layout-id14_76bf5e-f5 > .kt-row-layout-overlay{opacity:0.30;}.kb-row-layout-id14_76bf5e-f5 .kt-row-layout-top-sep{height:100px;}.kb-row-layout-id14_76bf5e-f5 .kt-row-layout-top-sep svg{fill:#ffffff!important;}@media all and (max-width: 1024px){.kb-row-layout-id14_76bf5e-f5 > .kt-row-column-wrap{grid-template-columns:repeat(5, minmax(0, 1fr));}}@media all and (max-width: 767px){.kb-row-layout-id14_76bf5e-f5 > .kt-row-column-wrap{grid-template-columns:minmax(0, 1fr);}}<\/style><div class=\"kb-row-layout-wrap kb-row-layout-id14_76bf5e-f5 alignnone wp-block-kadence-rowlayout\"><div class=\"kt-row-column-wrap kt-has-5-columns kt-row-layout-equal kt-tab-layout-inherit kt-mobile-layout-row kt-row-valign-top\">\n<style>.kadence-column14_6bf4db-aa > .kt-inside-inner-col,.kadence-column14_6bf4db-aa > .kt-inside-inner-col:before{border-top-left-radius:0px;border-top-right-radius:0px;border-bottom-right-radius:0px;border-bottom-left-radius:0px;}.kadence-column14_6bf4db-aa > .kt-inside-inner-col:before{opacity:0.3;}.kadence-column14_6bf4db-aa{position:relative;}<\/style>\n<div class=\"wp-block-kadence-column kadence-column14_6bf4db-aa\"><div class=\"kt-inside-inner-col\"><style>.kb-image14_98b6c8-d0 .kb-image-has-overlay:after{opacity:0.3;}<\/style>\n<figure class=\"wp-block-kadence-image kb-image14_98b6c8-d0 size-large\"><img loading=\"lazy\" decoding=\"async\" width=\"1024\" height=\"576\" src=\"http:\/\/grandnordfilms.com\/wp-content\/uploads\/2023\/09\/vlcsnap-2023-09-25-12h00m21s525-1024x576.png\" alt=\"\" class=\"kb-img wp-image-83\" srcset=\"https:\/\/grandnordfilms.com\/wp-content\/uploads\/2023\/09\/vlcsnap-2023-09-25-12h00m21s525-1024x576.png 1024w, https:\/\/grandnordfilms.com\/wp-content\/uploads\/2023\/09\/vlcsnap-2023-09-25-12h00m21s525-300x169.png 300w, https:\/\/grandnordfilms.com\/wp-content\/uploads\/2023\/09\/vlcsnap-2023-09-25-12h00m21s525-768x432.png 768w, https:\/\/grandnordfilms.com\/wp-content\/uploads\/2023\/09\/vlcsnap-2023-09-25-12h00m21s525-1536x864.png 1536w, https:\/\/grandnordfilms.com\/wp-content\/uploads\/2023\/09\/vlcsnap-2023-09-25-12h00m21s525.png 1920w\" sizes=\"auto, (max-width: 1024px) 100vw, 1024px\" \/><\/figure>\n<\/div><\/div>\n\n\n<style>.kadence-column14_95d384-f0 > .kt-inside-inner-col,.kadence-column14_95d384-f0 > .kt-inside-inner-col:before{border-top-left-radius:0px;border-top-right-radius:0px;border-bottom-right-radius:0px;border-bottom-left-radius:0px;}.kadence-column14_95d384-f0 > .kt-inside-inner-col:before{opacity:0.3;}.kadence-column14_95d384-f0{position:relative;}<\/style>\n<div class=\"wp-block-kadence-column kadence-column14_95d384-f0\"><div class=\"kt-inside-inner-col\"><style>.kb-image14_b2ea19-86 .kb-image-has-overlay:after{opacity:0.3;}<\/style>\n<figure class=\"wp-block-kadence-image kb-image14_b2ea19-86 size-large\"><img loading=\"lazy\" decoding=\"async\" width=\"1024\" height=\"576\" src=\"http:\/\/grandnordfilms.com\/wp-content\/uploads\/2023\/09\/vlcsnap-2023-09-25-11h56m57s299-1024x576.png\" alt=\"\" class=\"kb-img wp-image-80\" srcset=\"https:\/\/grandnordfilms.com\/wp-content\/uploads\/2023\/09\/vlcsnap-2023-09-25-11h56m57s299-1024x576.png 1024w, https:\/\/grandnordfilms.com\/wp-content\/uploads\/2023\/09\/vlcsnap-2023-09-25-11h56m57s299-300x169.png 300w, https:\/\/grandnordfilms.com\/wp-content\/uploads\/2023\/09\/vlcsnap-2023-09-25-11h56m57s299-768x432.png 768w, https:\/\/grandnordfilms.com\/wp-content\/uploads\/2023\/09\/vlcsnap-2023-09-25-11h56m57s299-1536x864.png 1536w, https:\/\/grandnordfilms.com\/wp-content\/uploads\/2023\/09\/vlcsnap-2023-09-25-11h56m57s299.png 1920w\" sizes=\"auto, (max-width: 1024px) 100vw, 1024px\" \/><\/figure>\n<\/div><\/div>\n\n\n<style>.kadence-column14_a129cd-c8 > .kt-inside-inner-col,.kadence-column14_a129cd-c8 > .kt-inside-inner-col:before{border-top-left-radius:0px;border-top-right-radius:0px;border-bottom-right-radius:0px;border-bottom-left-radius:0px;}.kadence-column14_a129cd-c8 > .kt-inside-inner-col:before{opacity:0.3;}.kadence-column14_a129cd-c8{position:relative;}<\/style>\n<div class=\"wp-block-kadence-column kadence-column14_a129cd-c8\"><div class=\"kt-inside-inner-col\"><style>.kb-image14_122116-4c .kb-image-has-overlay:after{opacity:0.3;}<\/style>\n<figure class=\"wp-block-kadence-image kb-image14_122116-4c size-large\"><img loading=\"lazy\" decoding=\"async\" width=\"1024\" height=\"576\" src=\"http:\/\/grandnordfilms.com\/wp-content\/uploads\/2023\/09\/vlcsnap-2023-09-25-11h55m43s958-1024x576.png\" alt=\"\" class=\"kb-img wp-image-78\" srcset=\"https:\/\/grandnordfilms.com\/wp-content\/uploads\/2023\/09\/vlcsnap-2023-09-25-11h55m43s958-1024x576.png 1024w, https:\/\/grandnordfilms.com\/wp-content\/uploads\/2023\/09\/vlcsnap-2023-09-25-11h55m43s958-300x169.png 300w, https:\/\/grandnordfilms.com\/wp-content\/uploads\/2023\/09\/vlcsnap-2023-09-25-11h55m43s958-768x432.png 768w, https:\/\/grandnordfilms.com\/wp-content\/uploads\/2023\/09\/vlcsnap-2023-09-25-11h55m43s958-1536x864.png 1536w, https:\/\/grandnordfilms.com\/wp-content\/uploads\/2023\/09\/vlcsnap-2023-09-25-11h55m43s958.png 1920w\" sizes=\"auto, (max-width: 1024px) 100vw, 1024px\" \/><\/figure>\n<\/div><\/div>\n\n\n<style>.kadence-column14_065d21-bf > .kt-inside-inner-col,.kadence-column14_065d21-bf > .kt-inside-inner-col:before{border-top-left-radius:0px;border-top-right-radius:0px;border-bottom-right-radius:0px;border-bottom-left-radius:0px;}.kadence-column14_065d21-bf > .kt-inside-inner-col:before{opacity:0.3;}.kadence-column14_065d21-bf{position:relative;}<\/style>\n<div class=\"wp-block-kadence-column kadence-column14_065d21-bf\"><div class=\"kt-inside-inner-col\"><style>.kb-image14_c9dc75-c1 .kb-image-has-overlay:after{opacity:0.3;}<\/style>\n<figure class=\"wp-block-kadence-image kb-image14_c9dc75-c1 size-large\"><img loading=\"lazy\" decoding=\"async\" width=\"1024\" height=\"576\" src=\"http:\/\/grandnordfilms.com\/wp-content\/uploads\/2023\/09\/vlcsnap-2023-09-25-11h57m36s082-1024x576.png\" alt=\"\" class=\"kb-img wp-image-82\" srcset=\"https:\/\/grandnordfilms.com\/wp-content\/uploads\/2023\/09\/vlcsnap-2023-09-25-11h57m36s082-1024x576.png 1024w, https:\/\/grandnordfilms.com\/wp-content\/uploads\/2023\/09\/vlcsnap-2023-09-25-11h57m36s082-300x169.png 300w, https:\/\/grandnordfilms.com\/wp-content\/uploads\/2023\/09\/vlcsnap-2023-09-25-11h57m36s082-768x432.png 768w, https:\/\/grandnordfilms.com\/wp-content\/uploads\/2023\/09\/vlcsnap-2023-09-25-11h57m36s082-1536x864.png 1536w, https:\/\/grandnordfilms.com\/wp-content\/uploads\/2023\/09\/vlcsnap-2023-09-25-11h57m36s082.png 1920w\" sizes=\"auto, (max-width: 1024px) 100vw, 1024px\" \/><\/figure>\n<\/div><\/div>\n\n\n<style>.kadence-column14_8cd8f5-88 > .kt-inside-inner-col,.kadence-column14_8cd8f5-88 > .kt-inside-inner-col:before{border-top-left-radius:0px;border-top-right-radius:0px;border-bottom-right-radius:0px;border-bottom-left-radius:0px;}.kadence-column14_8cd8f5-88 > .kt-inside-inner-col:before{opacity:0.3;}.kadence-column14_8cd8f5-88{position:relative;}<\/style>\n<div class=\"wp-block-kadence-column kadence-column14_8cd8f5-88\"><div class=\"kt-inside-inner-col\"><style>.kb-image14_618737-ae .kb-image-has-overlay:after{opacity:0.3;}<\/style>\n<figure class=\"wp-block-kadence-image kb-image14_618737-ae size-large\"><img loading=\"lazy\" decoding=\"async\" width=\"1024\" height=\"576\" src=\"http:\/\/grandnordfilms.com\/wp-content\/uploads\/2023\/09\/vlcsnap-2023-09-25-11h57m28s694-1024x576.png\" alt=\"\" class=\"kb-img wp-image-81\" srcset=\"https:\/\/grandnordfilms.com\/wp-content\/uploads\/2023\/09\/vlcsnap-2023-09-25-11h57m28s694-1024x576.png 1024w, https:\/\/grandnordfilms.com\/wp-content\/uploads\/2023\/09\/vlcsnap-2023-09-25-11h57m28s694-300x169.png 300w, https:\/\/grandnordfilms.com\/wp-content\/uploads\/2023\/09\/vlcsnap-2023-09-25-11h57m28s694-768x432.png 768w, https:\/\/grandnordfilms.com\/wp-content\/uploads\/2023\/09\/vlcsnap-2023-09-25-11h57m28s694-1536x864.png 1536w, https:\/\/grandnordfilms.com\/wp-content\/uploads\/2023\/09\/vlcsnap-2023-09-25-11h57m28s694.png 1920w\" sizes=\"auto, (max-width: 1024px) 100vw, 1024px\" \/><\/figure>\n<\/div><\/div>\n\n<\/div><\/div>","protected":false},"excerpt":{"rendered":"<p>R\u00e9alisation Depuis 2004, nous accompagnons les entreprises et les collectivit\u00e9s publiques dans leur communication audiovisuelle. Experts en narration, nous d\u00e9veloppons pour vous des r\u00e9cits sur mesure, quel que soit votre projet, son ampleur, son public et son canal de diffusion. Laissez-nous raconter votre histoire, vous verrez comme elle est belle. Spirit of Bewe Sleds Ils&#8230;<\/p>\n","protected":false},"author":1,"featured_media":0,"parent":0,"menu_order":0,"comment_status":"closed","ping_status":"closed","template":"","meta":{"_kad_post_transparent":"disable","_kad_post_title":"hide","_kad_post_layout":"normal","_kad_post_sidebar_id":"","_kad_post_content_style":"unboxed","_kad_post_vertical_padding":"hide","_kad_post_feature":"","_kad_post_feature_position":"","_kad_post_header":false,"_kad_post_footer":false,"footnotes":""},"class_list":["post-14","page","type-page","status-publish","hentry"],"_links":{"self":[{"href":"https:\/\/grandnordfilms.com\/index.php\/wp-json\/wp\/v2\/pages\/14","targetHints":{"allow":["GET"]}}],"collection":[{"href":"https:\/\/grandnordfilms.com\/index.php\/wp-json\/wp\/v2\/pages"}],"about":[{"href":"https:\/\/grandnordfilms.com\/index.php\/wp-json\/wp\/v2\/types\/page"}],"author":[{"embeddable":true,"href":"https:\/\/grandnordfilms.com\/index.php\/wp-json\/wp\/v2\/users\/1"}],"replies":[{"embeddable":true,"href":"https:\/\/grandnordfilms.com\/index.php\/wp-json\/wp\/v2\/comments?post=14"}],"version-history":[{"count":35,"href":"https:\/\/grandnordfilms.com\/index.php\/wp-json\/wp\/v2\/pages\/14\/revisions"}],"predecessor-version":[{"id":234,"href":"https:\/\/grandnordfilms.com\/index.php\/wp-json\/wp\/v2\/pages\/14\/revisions\/234"}],"wp:attachment":[{"href":"https:\/\/grandnordfilms.com\/index.php\/wp-json\/wp\/v2\/media?parent=14"}],"curies":[{"name":"wp","href":"https:\/\/api.w.org\/{rel}","templated":true}]}}